{"id":2,"date":"2023-09-20T12:57:36","date_gmt":"2023-09-20T10:57:36","guid":{"rendered":"https:\/\/vallejovaldivia.com\/?page_id=2"},"modified":"2025-11-07T21:43:07","modified_gmt":"2025-11-07T20:43:07","slug":"pagina-ejemplo","status":"publish","type":"page","link":"https:\/\/vallejovaldivia.com\/","title":{"rendered":"Libros de Rafael Vallejo Valdivia"},"content":{"rendered":"\n<p style=\"font-size:36px\"><a href=\"https:\/\/vallejovaldivia.com\/?page_id=99\" data-type=\"link\" data-id=\"https:\/\/vallejovaldivia.com\/?page_id=99\">PALMESANOS<\/a><\/p>\n\n\n\n<p><strong>El vuelco identitario y de convivencia al arrancar el siglo XXI en una singular y \u201cmejor ciudad para vivir\u201d ante una oleada migratoria inconexa y desintegrada<\/strong><\/p>\n\n\n\n<p><a href=\"https:\/\/www.elcorteingles.es\/libros\/A57207322-palmesanos\/\" data-type=\"link\" data-id=\"https:\/\/www.agapea.com\/libros\/Las-5-cunas-de-la-belleza-9791393335817-i.htm?srsltid=AfmBOorVanvCIYz6gK73qH04Ysw9OxfdFtBJFXUFrEs5GC6BaCWk94Lk\">Pulse aqu\u00ed para conseguir su ejemplar<\/a><\/p>\n\n\n\n<figure class=\"wp-block-image size-full is-resized\"><img loading=\"lazy\" decoding=\"async\" width=\"600\" height=\"950\" src=\"https:\/\/vallejovaldivia.com\/wp-content\/uploads\/2025\/11\/modelo-portada-libro-palmesanos-rafael-valdivia-vallejo-copia-1.jpg\" alt=\"\" class=\"wp-image-121\" style=\"width:150px\" srcset=\"https:\/\/vallejovaldivia.com\/wp-content\/uploads\/2025\/11\/modelo-portada-libro-palmesanos-rafael-valdivia-vallejo-copia-1.jpg 600w, https:\/\/vallejovaldivia.com\/wp-content\/uploads\/2025\/11\/modelo-portada-libro-palmesanos-rafael-valdivia-vallejo-copia-1-189x300.jpg 189w\" sizes=\"auto, (max-width: 600px) 100vw, 600px\" \/><\/figure>\n\n\n\n<hr class=\"wp-block-separator has-alpha-channel-opacity\"\/>\n\n\n\n<hr class=\"wp-block-separator has-alpha-channel-opacity\"\/>\n\n\n\n<p style=\"font-size:36px\"><a href=\"https:\/\/vallejovaldivia.com\/?page_id=99\" data-type=\"link\" data-id=\"https:\/\/vallejovaldivia.com\/?page_id=99\">LAS 5 CUNAS DE LA BELLEZA<\/a><\/p>\n\n\n\n<p style=\"font-size:36px\"><\/p>\n\n\n\n<p><strong>As\u00ed se coronaron como capitales del arte la Florencia de Botticelli, la Espa\u00f1a de Vel\u00e1zquez, la Holanda de Vermeer, la Par\u00eds de Picasso y la Nueva York de Rothko, y por qu\u00e9 otras similares no lo lograron<\/strong><\/p>\n\n\n\n<p><a href=\"https:\/\/www.agapea.com\/libros\/Las-5-cunas-de-la-belleza-9791393335817-i.htm?srsltid=AfmBOorVanvCIYz6gK73qH04Ysw9OxfdFtBJFXUFrEs5GC6BaCWk94Lk\" data-type=\"link\" data-id=\"https:\/\/www.agapea.com\/libros\/Las-5-cunas-de-la-belleza-9791393335817-i.htm?srsltid=AfmBOorVanvCIYz6gK73qH04Ysw9OxfdFtBJFXUFrEs5GC6BaCWk94Lk\">Pulse aqu\u00ed para conseguir su ejemplar<\/a><\/p>\n\n\n\n<p style=\"font-size:36px\"><img loading=\"lazy\" decoding=\"async\" width=\"150\" height=\"210\" class=\"wp-image-100\" style=\"width: 150px;\" src=\"https:\/\/vallejovaldivia.com\/wp-content\/uploads\/2024\/05\/portada-libro-las-5-cunas-de-la-belleza-lantia_cover_663493df13fca_360.jpg\" alt=\"\" srcset=\"https:\/\/vallejovaldivia.com\/wp-content\/uploads\/2024\/05\/portada-libro-las-5-cunas-de-la-belleza-lantia_cover_663493df13fca_360.jpg 360w, https:\/\/vallejovaldivia.com\/wp-content\/uploads\/2024\/05\/portada-libro-las-5-cunas-de-la-belleza-lantia_cover_663493df13fca_360-214x300.jpg 214w\" sizes=\"auto, (max-width: 150px) 100vw, 150px\" \/><\/p>\n\n\n\n<hr class=\"wp-block-separator has-alpha-channel-opacity\"\/>\n\n\n\n<hr class=\"wp-block-separator has-alpha-channel-opacity\"\/>\n\n\n\n<p><\/p>\n\n\n\n<p style=\"font-size:36px\"><strong><a href=\"https:\/\/vallejovaldivia.com\/?page_id=30\">LEONOR<\/a><\/strong><\/p>\n\n\n\n<p><strong>Retrato de lo que fue, es y ser\u00e1 Espa\u00f1a desde una pre-biograf\u00eda sobre reforzarse como el mejor pa\u00eds ante un futuro de enormes convulsiones y transformaciones<\/strong><\/p>\n\n\n\n<p><a href=\"https:\/\/www.libreriaeditorialcirculorojo.com\/producto\/leonor\/\">Pulse aqu\u00ed para conseguir su ejemplar<\/a><\/p>\n\n\n\n<p style=\"font-size:36px\"><img loading=\"lazy\" decoding=\"async\" width=\"150\" height=\"194\" class=\"wp-image-68\" style=\"width: 150px;\" src=\"https:\/\/vallejovaldivia.com\/wp-content\/uploads\/2023\/10\/portada-libro-leonor-rafael-vallejo-valdivia.png\" alt=\"\" srcset=\"https:\/\/vallejovaldivia.com\/wp-content\/uploads\/2023\/10\/portada-libro-leonor-rafael-vallejo-valdivia.png 929w, https:\/\/vallejovaldivia.com\/wp-content\/uploads\/2023\/10\/portada-libro-leonor-rafael-vallejo-valdivia-231x300.png 231w, https:\/\/vallejovaldivia.com\/wp-content\/uploads\/2023\/10\/portada-libro-leonor-rafael-vallejo-valdivia-790x1024.png 790w, https:\/\/vallejovaldivia.com\/wp-content\/uploads\/2023\/10\/portada-libro-leonor-rafael-vallejo-valdivia-768x995.png 768w\" sizes=\"auto, (max-width: 150px) 100vw, 150px\" \/><\/p>\n\n\n\n<hr class=\"wp-block-separator has-alpha-channel-opacity\"\/>\n\n\n\n<hr class=\"wp-block-separator has-alpha-channel-opacity\"\/>\n\n\n\n<p style=\"font-size:36px\"><strong><a href=\"https:\/\/vallejovaldivia.com\/?page_id=28\">MADRIDISMO<\/a><\/strong><\/p>\n\n\n\n<p><\/p>\n\n\n\n<p><strong>Valores, espiritualidad y las singularidades que retratan al mayor movimiento desde el Medievo<\/strong>.<\/p>\n\n\n\n<p><a href=\"https:\/\/www.bubok.es\/libros\/272358\/madridismo\">Pulse aqu\u00ed para conseguir su ejemplar<\/a><\/p>\n\n\n\n<p><img loading=\"lazy\" decoding=\"async\" width=\"150\" height=\"214\" class=\"wp-image-64\" style=\"width: 150px;\" src=\"https:\/\/vallejovaldivia.com\/wp-content\/uploads\/2023\/10\/portada-libro-madridismo-rafael-vallejo-valdivia.png\" alt=\"\" srcset=\"https:\/\/vallejovaldivia.com\/wp-content\/uploads\/2023\/10\/portada-libro-madridismo-rafael-vallejo-valdivia.png 828w, https:\/\/vallejovaldivia.com\/wp-content\/uploads\/2023\/10\/portada-libro-madridismo-rafael-vallejo-valdivia-210x300.png 210w, https:\/\/vallejovaldivia.com\/wp-content\/uploads\/2023\/10\/portada-libro-madridismo-rafael-vallejo-valdivia-717x1024.png 717w, https:\/\/vallejovaldivia.com\/wp-content\/uploads\/2023\/10\/portada-libro-madridismo-rafael-vallejo-valdivia-768x1097.png 768w\" sizes=\"auto, (max-width: 150px) 100vw, 150px\" \/><\/p>\n\n\n\n<hr class=\"wp-block-separator has-alpha-channel-opacity\"\/>\n\n\n\n<hr class=\"wp-block-separator has-alpha-channel-opacity\"\/>\n\n\n\n<hr class=\"wp-block-separator has-alpha-channel-opacity\"\/>\n\n\n\n<hr class=\"wp-block-separator has-alpha-channel-opacity\"\/>\n\n\n\n<hr class=\"wp-block-separator has-alpha-channel-opacity\"\/>\n\n\n\n<hr class=\"wp-block-separator has-alpha-channel-opacity\"\/>\n\n\n\n<hr class=\"wp-block-separator has-alpha-channel-opacity\"\/>\n\n\n\n<hr class=\"wp-block-separator has-alpha-channel-opacity\"\/>\n\n\n\n<p>Disponibles en papel y tambi\u00e9n en Ebook<\/p>\n\n\n\n<hr class=\"wp-block-separator has-alpha-channel-opacity\"\/>\n\n\n\n<hr class=\"wp-block-separator has-alpha-channel-opacity\"\/>\n\n\n\n<p style=\"font-size:36px\"><\/p>\n\n\n\n<hr class=\"wp-block-separator has-alpha-channel-opacity\"\/>\n\n\n\n<hr class=\"wp-block-separator has-alpha-channel-opacity\"\/>\n","protected":false},"excerpt":{"rendered":"<p>PALMESANOS El vuelco identitario y de convivencia al arrancar el siglo XXI en una singular y \u201cmejor ciudad para vivir\u201d ante una oleada migratoria inconexa y desintegrada Pulse aqu\u00ed para conseguir su ejemplar LAS 5 CUNAS DE LA BELLEZA As\u00ed se coronaron como capitales del arte la Florencia de Botticelli, la Espa\u00f1a de Vel\u00e1zquez, la [&hellip;]<\/p>\n","protected":false},"author":1,"featured_media":0,"parent":0,"menu_order":0,"comment_status":"closed","ping_status":"open","template":"","meta":{"footnotes":""},"class_list":["post-2","page","type-page","status-publish","hentry"],"_links":{"self":[{"href":"https:\/\/vallejovaldivia.com\/index.php?rest_route=\/wp\/v2\/pages\/2","targetHints":{"allow":["GET"]}}],"collection":[{"href":"https:\/\/vallejovaldivia.com\/index.php?rest_route=\/wp\/v2\/pages"}],"about":[{"href":"https:\/\/vallejovaldivia.com\/index.php?rest_route=\/wp\/v2\/types\/page"}],"author":[{"embeddable":true,"href":"https:\/\/vallejovaldivia.com\/index.php?rest_route=\/wp\/v2\/users\/1"}],"replies":[{"embeddable":true,"href":"https:\/\/vallejovaldivia.com\/index.php?rest_route=%2Fwp%2Fv2%2Fcomments&post=2"}],"version-history":[{"count":18,"href":"https:\/\/vallejovaldivia.com\/index.php?rest_route=\/wp\/v2\/pages\/2\/revisions"}],"predecessor-version":[{"id":130,"href":"https:\/\/vallejovaldivia.com\/index.php?rest_route=\/wp\/v2\/pages\/2\/revisions\/130"}],"wp:attachment":[{"href":"https:\/\/vallejovaldivia.com\/index.php?rest_route=%2Fwp%2Fv2%2Fmedia&parent=2"}],"curies":[{"name":"wp","href":"https:\/\/api.w.org\/{rel}","templated":true}]}}